{"id":811,"date":"2021-08-20T12:19:35","date_gmt":"2021-08-20T12:19:35","guid":{"rendered":"http:\/\/wp.pinot-noix.com\/?page_id=811"},"modified":"2026-01-09T17:26:32","modified_gmt":"2026-01-09T17:26:32","slug":"811-2","status":"publish","type":"page","link":"https:\/\/wp.pinot-noix.com\/?page_id=811","title":{"rendered":"WEINE"},"content":{"rendered":"<p>[et_pb_section fb_built=&#8220;1&#8243; _builder_version=&#8220;4.16&#8243; background_image=&#8220;https:\/\/wp.pinot-noix.com\/wp-content\/uploads\/2022\/07\/small.DSC_7229-bearbeitet-1-scaled-1.jpg&#8220; min_height=&#8220;835px&#8220; custom_margin=&#8220;||33px|||&#8220; custom_padding=&#8220;||495px|||&#8220; global_colors_info=&#8220;{}&#8220;][\/et_pb_section][et_pb_section fb_built=&#8220;1&#8243; _builder_version=&#8220;4.16&#8243; background_color=&#8220;#000000&#8243; min_height=&#8220;585px&#8220; global_colors_info=&#8220;{}&#8220;][et_pb_row _builder_version=&#8220;4.16&#8243; _module_preset=&#8220;default&#8220; global_colors_info=&#8220;{}&#8220;][et_pb_column type=&#8220;4_4&#8243; _builder_version=&#8220;4.16&#8243; _module_preset=&#8220;default&#8220; global_colors_info=&#8220;{}&#8220;][et_pb_text _builder_version=&#8220;4.27.2&#8243; _module_preset=&#8220;default&#8220; global_colors_info=&#8220;{}&#8220;]<\/p>\n<p><span style=\"color: #ffffff; font-size: xx-large;\"><strong>PINOT NOIX KOLLEKTION<br \/><\/strong><\/span><\/p>\n<p><span style=\"color: #ffffff;\">\u00a0<\/span><\/p>\n<p><span style=\"color: #ffffff; font-size: large;\">Pinot Noix ist geboren aus der Vision, im Dhrontal (einem k\u00fchlen Seitental der Mosel) gro\u00dfe Burgunder zu erzeugen. <br \/>Die nunmehr <strong>12. Generation &#8211; der Jahrgang 2022 &#8211; geht ab M\u00e4rz 2026<\/strong> die Welt. Die Trauben f\u00fcr die dreistufige Kollektion werden im Dhroner Hofberg angebaut, nach der Lese reifen die Weine 18 Monate in gr\u00f6\u00dftenteils gebrauchten Barrique-F\u00e4ssern und dann noch gut 2 Jahre in der Flasche im Weingut, bevor sie in den Verkauf kommen.<\/span><\/p>\n<p><span style=\"color: #ffffff;\">\u00a0<\/span><\/p>\n<p>[\/et_pb_text][\/et_pb_column][\/et_pb_row][et_pb_row column_structure=&#8220;1_2,1_2&#8243; _builder_version=&#8220;4.16&#8243; custom_margin=&#8220;-27px|auto||auto||&#8220; global_colors_info=&#8220;{}&#8220;][et_pb_column type=&#8220;1_2&#8243; _builder_version=&#8220;4.16&#8243; global_colors_info=&#8220;{}&#8220;][et_pb_image src=&#8220;https:\/\/wp.pinot-noix.com\/wp-content\/uploads\/2023\/12\/3rd_2019_new-1.png&#8220; title_text=&#8220;3rd_2019_new&#8220; _builder_version=&#8220;4.21.0&#8243; _module_preset=&#8220;default&#8220; width=&#8220;61.4%&#8220; custom_padding=&#8220;|20px|0px|||&#8220; global_colors_info=&#8220;{}&#8220;][\/et_pb_image][\/et_pb_column][et_pb_column type=&#8220;1_2&#8243; _builder_version=&#8220;4.16&#8243; global_colors_info=&#8220;{}&#8220;][et_pb_text _builder_version=&#8220;4.27.5&#8243; _module_preset=&#8220;default&#8220; width=&#8220;73.7%&#8220; min_height=&#8220;733px&#8220; custom_margin=&#8220;|-710px||-166px|false|false&#8220; custom_padding=&#8220;3px|||0px|false|false&#8220; global_colors_info=&#8220;{}&#8220;]<\/p>\n<p>&nbsp;<\/p>\n<p><span style=\"color: #ffffff;\"><span style=\"font-family: Lucida Sans Unicode,Lucida Grande,sans-serif;\"><span style=\"font-size: 23px;\"><strong>PINOT NOIX 3RD<br \/><\/strong><\/span><\/span><\/span><\/p>\n<p><span style=\"color: #ffffff;\"><\/span><\/p>\n<p style=\"text-align: left;\"><span style=\"color: #ffffff; font-size: large;\">Diesen Wein differenzieren wir im Portfolio seit dem Jahrgang 2019. Die Trauben kommen aus j\u00fcngeren Neupflanzungen mit Burgunder Klonen im Dhroner Hofberg, von Reben im Alter von bis zu 10 Jahren. Der Wein ist schon jung zug\u00e4nglich &#8211; gehobenes easy drinking.<\/span><\/p>\n<p><img loading=\"lazy\" decoding=\"async\" src=\"https:\/\/wp.pinot-noix.com\/wp-content\/uploads\/2026\/01\/3rd_pinot_suckling_button-4.gif\" width=\"200\" height=\"200\" alt=\"\" class=\"wp-image-1268 alignnone size-full\" \/><\/p>\n<h3 style=\"text-align: left;\"><span style=\"color: #ffffff; font-size: large;\"><\/span><\/h3>\n<h3 class=\"p1\"><span style=\"color: #ffffff;\"><strong><em>JAMES SUCKLING.COM<br \/>DANIEL TWARDOWSKI<br \/><\/em><em>SP\u00c4TBURGUNDER MOSEL 3RD 2022<\/em><\/strong><\/span><\/h3>\n<h3 class=\"p2\"><span style=\"color: #ffffff;\"><em>&#8220; This is an entry-level pinot noir, but it is mind-blowlingly expressive. Huge Amarena cherry fruit, but also a slew of black pepper, raw meat and slate on the staggeringly vibrant, medium-bodied palate. Enormous energy and freshness in the finish, which is typical of Mosel. <\/em><em>Drink from release.&#8220;<\/em><\/span><\/h3>\n<p>[\/et_pb_text][\/et_pb_column][\/et_pb_row][et_pb_row _builder_version=&#8220;4.27.5&#8243; _module_preset=&#8220;default&#8220; global_colors_info=&#8220;{}&#8220;][et_pb_column type=&#8220;4_4&#8243; _builder_version=&#8220;4.27.5&#8243; _module_preset=&#8220;default&#8220; global_colors_info=&#8220;{}&#8220;][et_pb_divider _builder_version=&#8220;4.27.5&#8243; _module_preset=&#8220;default&#8220; global_colors_info=&#8220;{}&#8220;][\/et_pb_divider][\/et_pb_column][\/et_pb_row][et_pb_row column_structure=&#8220;1_2,1_2&#8243; _builder_version=&#8220;4.16&#8243; custom_margin=&#8220;-27px|auto||auto||&#8220; global_colors_info=&#8220;{}&#8220;][et_pb_column type=&#8220;1_2&#8243; _builder_version=&#8220;4.16&#8243; global_colors_info=&#8220;{}&#8220;][et_pb_image src=&#8220;https:\/\/wp.pinot-noix.com\/wp-content\/uploads\/2022\/08\/ARDOISE_2019.jpg&#8220; title_text=&#8220;ARDOISE_2019&#8243; _builder_version=&#8220;4.16&#8243; _module_preset=&#8220;default&#8220; width=&#8220;61.4%&#8220; custom_padding=&#8220;|20px|0px|||&#8220; global_colors_info=&#8220;{}&#8220;][\/et_pb_image][\/et_pb_column][et_pb_column type=&#8220;1_2&#8243; _builder_version=&#8220;4.16&#8243; global_colors_info=&#8220;{}&#8220;][et_pb_text _builder_version=&#8220;4.27.5&#8243; _module_preset=&#8220;default&#8220; width=&#8220;73.7%&#8220; min_height=&#8220;733px&#8220; custom_margin=&#8220;|-710px||-166px|false|false&#8220; custom_padding=&#8220;3px|||0px|false|false&#8220; global_colors_info=&#8220;{}&#8220;]<\/p>\n<p><span style=\"color: #ffffff;\"><span style=\"font-family: Lucida Sans Unicode,Lucida Grande,sans-serif;\"><span style=\"font-size: 23px;\"><strong>PINOT NOIX ARDOISE<br \/><\/strong><\/span><\/span><\/span><\/p>\n<p><span style=\"color: #ffffff;\"><\/span><\/p>\n<p style=\"text-align: left;\"><span style=\"color: #ffffff; font-size: large;\">Wie der Drittwein, kommt Ardoise aus eigenen Pflanzungen mit Burgunder Klone, von Reben die \u00fcber 10 Jahre alt sind. Die aromatische Essenz des Weines ist rauchiger Schiefer, Nadelholz, Wildkirsche &#8211; getragen von einer straffen Eleganz. Der We<\/span><span style=\"color: #ffffff; font-size: large;\">in ist nach 4-5 Jahren zug\u00e4nglich (mit Luft).<\/span><\/p>\n<p><img loading=\"lazy\" decoding=\"async\" src=\"https:\/\/wp.pinot-noix.com\/wp-content\/uploads\/2026\/01\/2022_pinot_suckling_button.gif\" width=\"200\" height=\"200\" alt=\"\" class=\"wp-image-1271 alignnone size-full\" \/><\/p>\n<h3 class=\"p1\"><span style=\"color: #ffffff;\"><strong><em>JAMES SUCKLING.COM<br \/>DANIEL TWARDOWSKI<br \/><\/em><em>SP\u00c4TBURGUNDER MOSEL PINOT NOIX 2022<\/em><\/strong><\/span><\/h3>\n<h3 class=\"p2\"><span style=\"color: #ffffff;\"><em>&#8220; A swirling cloud of smoke and flint on the<br \/>nose, but that\u2019s just the entrance to this<br \/>truly extraordinary pinot noir. Enormous<br \/>concentration is packed into the sleek<br \/>silhouette and lithe body of this astonishing<br \/>Mosel pinot noir. Then comes the<br \/>breathtakingly vibrant, slatey finish that<br \/>suggests this has enormous aging<br \/>potential. Drink from release.&#8220;<\/em><\/span><\/h3>\n<p style=\"text-align: left;\"><span style=\"color: #ffffff; font-size: large;\">\u00a0<\/span><\/p>\n<p>[\/et_pb_text][\/et_pb_column][\/et_pb_row][et_pb_row _builder_version=&#8220;4.27.5&#8243; _module_preset=&#8220;default&#8220; global_colors_info=&#8220;{}&#8220;][et_pb_column type=&#8220;4_4&#8243; _builder_version=&#8220;4.27.5&#8243; _module_preset=&#8220;default&#8220; global_colors_info=&#8220;{}&#8220;][et_pb_divider _builder_version=&#8220;4.27.5&#8243; _module_preset=&#8220;default&#8220; global_colors_info=&#8220;{}&#8220;][\/et_pb_divider][\/et_pb_column][\/et_pb_row][et_pb_row column_structure=&#8220;1_2,1_2&#8243; _builder_version=&#8220;4.16&#8243; custom_margin=&#8220;-27px|auto||auto||&#8220; global_colors_info=&#8220;{}&#8220;][et_pb_column type=&#8220;1_2&#8243; _builder_version=&#8220;4.16&#8243; global_colors_info=&#8220;{}&#8220;][et_pb_image src=&#8220;https:\/\/wp.pinot-noix.com\/wp-content\/uploads\/2022\/08\/RESERVE_2019.jpg&#8220; title_text=&#8220;RESERVE_2019&#8243; _builder_version=&#8220;4.16&#8243; _module_preset=&#8220;default&#8220; width=&#8220;61.4%&#8220; custom_padding=&#8220;|20px|0px|||&#8220; global_colors_info=&#8220;{}&#8220;][\/et_pb_image][\/et_pb_column][et_pb_column type=&#8220;1_2&#8243; _builder_version=&#8220;4.16&#8243; global_colors_info=&#8220;{}&#8220;][et_pb_text _builder_version=&#8220;4.27.5&#8243; _module_preset=&#8220;default&#8220; width=&#8220;73.7%&#8220; min_height=&#8220;733px&#8220; custom_margin=&#8220;|-710px||-166px|false|false&#8220; custom_padding=&#8220;3px|||0px|false|false&#8220; global_colors_info=&#8220;{}&#8220;]<\/p>\n<p>&nbsp;<\/p>\n<p><span style=\"color: #ffffff;\"><span style=\"font-family: Lucida Sans Unicode,Lucida Grande,sans-serif;\"><span style=\"font-size: 23px;\"><strong>PINOT NOIX<br \/>HOFBERG R\u00c9SERVE<br \/><\/strong><\/span><\/span><\/span><\/p>\n<p><span style=\"color: #ffffff;\"><\/span><\/p>\n<p style=\"text-align: left;\"><span style=\"color: #ffffff; font-size: large;\">Dieser Wein wird in stark limitierter Produktion aus gr\u00fcnveredelten Fl\u00e4chen gewonnen. Die Grundlage bilden alte Riesling Reben, veredelt mit Burgunder Klonen. Der Wein hat ein straffes S\u00e4ureger\u00fcst und zieht komplex in die Tiefe. Er braucht mindestens 5 Jahre um sein Trinkfenster allm\u00e4hlich zu er\u00f6ffnen.<\/span><span style=\"color: #ffffff; font-size: large;\"><\/span><\/p>\n<p><img loading=\"lazy\" decoding=\"async\" src=\"https:\/\/wp.pinot-noix.com\/wp-content\/uploads\/2026\/01\/2022_pinot_reserve_suckling_button.png\" width=\"200\" height=\"200\" alt=\"\" class=\"wp-image-1275 alignnone size-full\" srcset=\"https:\/\/wp.pinot-noix.com\/wp-content\/uploads\/2026\/01\/2022_pinot_reserve_suckling_button.png 200w, https:\/\/wp.pinot-noix.com\/wp-content\/uploads\/2026\/01\/2022_pinot_reserve_suckling_button-150x150.png 150w\" sizes=\"(max-width: 200px) 100vw, 200px\" \/><\/p>\n<h3 style=\"text-align: left;\"><span style=\"color: #ffffff; font-size: large;\"><\/span><\/h3>\n<h3 class=\"p1\"><span style=\"color: #ffffff;\"><strong><em>JAMES SUCKLING.COM<br \/>DANIEL TWARDOWSKI<br \/><\/em><em>SP\u00c4TBURGUNDER MOSEL PINOT NOIX<br \/>HOBERG R\u00c9SERVE 2022<\/em><\/strong><\/span><\/h3>\n<h3 class=\"p2\"><span style=\"color: #ffffff;\"><em>&#8220; It\u2019s really hard to do the uniqueness of<br \/>this extraordinary pinot noir justice,<br \/>because it has an amazing tension and<br \/>purity, but also concentration that\u2019s off<br \/>the scale. Still only medium-bodied, the<br \/>slatey freshness is off the scale, too, in<br \/>the almost endless finish. Enormous<br \/>aging potential. Drink from release.&#8220;<\/em><\/span><\/h3>\n<p>&nbsp;<\/p>\n<p><em>\u00a0<\/em><\/p>\n<p>[\/et_pb_text][\/et_pb_column][\/et_pb_row][et_pb_row _builder_version=&#8220;4.16&#8243; _module_preset=&#8220;default&#8220; global_colors_info=&#8220;{}&#8220;][et_pb_column type=&#8220;4_4&#8243; _builder_version=&#8220;4.16&#8243; _module_preset=&#8220;default&#8220; global_colors_info=&#8220;{}&#8220;][et_pb_text _builder_version=&#8220;4.16&#8243; _module_preset=&#8220;default&#8220; global_colors_info=&#8220;{}&#8220;]<\/p>\n<p style=\"text-align: center;\"><span style=\"color: #ffffff;\">PREISE &amp; VERF\u00dcGBARKEIT AUF ANFRAGE PER E-MAIL AN:<span style=\"color: #0c71c3;\"> <a href=\"mailto:hello@pinot-noix.com\" style=\"color: #0c71c3;\">HELLO@PINOT-NOIX.COM<br \/><\/a><\/span><\/span><\/p>\n<p style=\"text-align: center;\"><span style=\"color: #ffffff;\">PRICES &amp; AVAILABILITY ON REQUEST BY e-MAIL TO :<span style=\"color: #0c71c3;\"> <a href=\"mailto:hello@pinot-noix.com\" style=\"color: #0c71c3;\">HELLO@PINOT-NOIX.COM<\/a><\/span><\/span><span style=\"color: #ffffff; font-size: large;\"><\/span><\/p>\n<p style=\"text-align: center;\"><span style=\"color: #ffffff;\">\u00a0<\/span><\/p>\n<p style=\"text-align: center;\"><span style=\"color: #ffffff;\"><span style=\"color: #0c71c3;\"><a href=\"mailto:hello@pinot-noix.com\" style=\"color: #0c71c3;\"><\/a><\/span><\/span><span style=\"color: #ffffff; font-size: large;\"><\/span><\/p>\n<p style=\"text-align: center;\"><span style=\"color: #ffffff;\">\u00a0<\/span><\/p>\n<p>[\/et_pb_text][\/et_pb_column][\/et_pb_row][\/et_pb_section][et_pb_section fb_built=&#8220;1&#8243; _builder_version=&#8220;4.16&#8243; background_color=&#8220;#000000&#8243; global_colors_info=&#8220;{}&#8220;][et_pb_row _builder_version=&#8220;4.16&#8243; global_colors_info=&#8220;{}&#8220;][et_pb_column type=&#8220;4_4&#8243; _builder_version=&#8220;4.16&#8243; global_colors_info=&#8220;{}&#8220;][\/et_pb_column][\/et_pb_row][\/et_pb_section][et_pb_section fb_built=&#8220;1&#8243; _builder_version=&#8220;4.16&#8243; _module_preset=&#8220;default&#8220; background_color=&#8220;#000000&#8243; background_image=&#8220;https:\/\/wp.pinot-noix.com\/wp-content\/uploads\/2021\/09\/small_grad_DSC_7262.jpg&#8220; min_height=&#8220;997px&#8220; custom_padding=&#8220;||340px|||&#8220; global_colors_info=&#8220;{}&#8220;][\/et_pb_section]<\/p>\n","protected":false},"excerpt":{"rendered":"<p>PINOT NOIX KOLLEKTION \u00a0 Pinot Noix ist geboren aus der Vision, im Dhrontal (einem k\u00fchlen Seitental der Mosel) gro\u00dfe Burgunder zu erzeugen. Die nunmehr 12. Generation &#8211; der Jahrgang 2022 &#8211; geht ab M\u00e4rz 2026 die Welt. Die Trauben f\u00fcr die dreistufige Kollektion werden im Dhroner Hofberg angebaut, nach der Lese reifen die Weine 18 [&hellip;]<\/p>\n","protected":false},"author":1,"featured_media":0,"parent":0,"menu_order":0,"comment_status":"closed","ping_status":"closed","template":"","meta":{"_et_pb_use_builder":"on","_et_pb_old_content":"","_et_gb_content_width":"","footnotes":""},"class_list":["post-811","page","type-page","status-publish","hentry"],"_links":{"self":[{"href":"https:\/\/wp.pinot-noix.com\/index.php?rest_route=\/wp\/v2\/pages\/811","targetHints":{"allow":["GET"]}}],"collection":[{"href":"https:\/\/wp.pinot-noix.com\/index.php?rest_route=\/wp\/v2\/pages"}],"about":[{"href":"https:\/\/wp.pinot-noix.com\/index.php?rest_route=\/wp\/v2\/types\/page"}],"author":[{"embeddable":true,"href":"https:\/\/wp.pinot-noix.com\/index.php?rest_route=\/wp\/v2\/users\/1"}],"replies":[{"embeddable":true,"href":"https:\/\/wp.pinot-noix.com\/index.php?rest_route=%2Fwp%2Fv2%2Fcomments&post=811"}],"version-history":[{"count":49,"href":"https:\/\/wp.pinot-noix.com\/index.php?rest_route=\/wp\/v2\/pages\/811\/revisions"}],"predecessor-version":[{"id":1298,"href":"https:\/\/wp.pinot-noix.com\/index.php?rest_route=\/wp\/v2\/pages\/811\/revisions\/1298"}],"wp:attachment":[{"href":"https:\/\/wp.pinot-noix.com\/index.php?rest_route=%2Fwp%2Fv2%2Fmedia&parent=811"}],"curies":[{"name":"wp","href":"https:\/\/api.w.org\/{rel}","templated":true}]}}