{"id":401,"date":"2020-07-30T09:45:37","date_gmt":"2020-07-30T09:45:37","guid":{"rendered":"http:\/\/wp.pinot-noix.com\/?page_id=401"},"modified":"2020-08-07T12:29:03","modified_gmt":"2020-08-07T12:29:03","slug":"foerderung-eulla","status":"publish","type":"page","link":"https:\/\/wp.pinot-noix.com\/?page_id=401","title":{"rendered":"F\u00f6rderung"},"content":{"rendered":"<p>[et_pb_section fb_built=&#8220;1&#8243; _builder_version=&#8220;4.4.7&#8243; hover_enabled=&#8220;0&#8243; background_color=&#8220;#000000&#8243;][et_pb_row _builder_version=&#8220;4.4.7&#8243;][et_pb_column type=&#8220;4_4&#8243; _builder_version=&#8220;4.4.7&#8243;][et_pb_text _builder_version=&#8220;4.4.7&#8243; hover_enabled=&#8220;0&#8243;]<\/p>\n<h1 style=\"text-align: center;\"><span style=\"color: #ffffff;\"><strong>F\u00d6RDERUNG DURCH EULLE UND ELER<\/strong><\/span><\/h1>\n<p><span style=\"color: #ffffff;\">\u00a0<\/span><br \/><span style=\"color: #ffffff;\"> <strong><\/strong><\/span><\/p>\n<h3 style=\"text-align: center;\"><span style=\"color: #ffffff;\"><strong>Kofinanzierung durch Land und Bund im Rahmen der GAK<br \/> <\/strong><\/span><\/h3>\n<p><span style=\"color: #ffffff;\"><strong><\/strong><\/span><\/p>\n<p style=\"text-align: center;\"><span style=\"color: #ffffff;\">Unser Unternehmen Pinot Noix erh\u00e4lt im Rahmen des vom Ministerium f\u00fcr Wirtschaft, Verkehr, Landwirtschaft und Weinbau verwalteten rheinland-pf\u00e4lzischen Entwicklungsprogramms \u201eUmweltma\u00dfnahmen, L\u00e4ndliche Entwicklung, Ern\u00e4hrung\u201c (EULLE) durch den Europ\u00e4ischen Landwirtschaftsfonds f\u00fcr die Entwicklung des l\u00e4ndlichen Raums (ELER) kofinanziert durch das Land, eine F\u00f6rderung f\u00fcr seinen Leistungen in der Agrar- und Klimama\u00dfnahme: Umweltschonender Steil- und Steilstlagenweinbau.<\/span><\/p>\n<h2 style=\"text-align: center;\"><span style=\"color: #ffffff;\"><strong><\/strong><\/span><\/h2>\n<p>[\/et_pb_text][\/et_pb_column][\/et_pb_row][\/et_pb_section][et_pb_section fb_built=&#8220;1&#8243; _builder_version=&#8220;4.4.7&#8243; hover_enabled=&#8220;0&#8243; background_color=&#8220;#000000&#8243;][et_pb_row _builder_version=&#8220;4.4.7&#8243; min_height=&#8220;17px&#8220;][et_pb_column type=&#8220;4_4&#8243; _builder_version=&#8220;4.4.7&#8243;][et_pb_image src=&#8220;https:\/\/wp.pinot-noix.com\/wp-content\/uploads\/2020\/07\/logos-Kopie.png&#8220; title_text=&#8220;logos Kopie&#8220; align=&#8220;center&#8220; _builder_version=&#8220;4.4.7&#8243; custom_margin=&#8220;-33px|||||&#8220;][\/et_pb_image][\/et_pb_column][\/et_pb_row][\/et_pb_section]<\/p>\n","protected":false},"excerpt":{"rendered":"<p>F\u00d6RDERUNG DURCH EULLE UND ELER \u00a0 Kofinanzierung durch Land und Bund im Rahmen der GAK Unser Unternehmen Pinot Noix erh\u00e4lt im Rahmen des vom Ministerium f\u00fcr Wirtschaft, Verkehr, Landwirtschaft und Weinbau verwalteten rheinland-pf\u00e4lzischen Entwicklungsprogramms \u201eUmweltma\u00dfnahmen, L\u00e4ndliche Entwicklung, Ern\u00e4hrung\u201c (EULLE) durch den Europ\u00e4ischen Landwirtschaftsfonds f\u00fcr die Entwicklung des l\u00e4ndlichen Raums (ELER) kofinanziert durch das Land, eine [&hellip;]<\/p>\n","protected":false},"author":1,"featured_media":0,"parent":0,"menu_order":0,"comment_status":"closed","ping_status":"closed","template":"","meta":{"_et_pb_use_builder":"on","_et_pb_old_content":"","_et_gb_content_width":"","footnotes":""},"class_list":["post-401","page","type-page","status-publish","hentry"],"_links":{"self":[{"href":"https:\/\/wp.pinot-noix.com\/index.php?rest_route=\/wp\/v2\/pages\/401","targetHints":{"allow":["GET"]}}],"collection":[{"href":"https:\/\/wp.pinot-noix.com\/index.php?rest_route=\/wp\/v2\/pages"}],"about":[{"href":"https:\/\/wp.pinot-noix.com\/index.php?rest_route=\/wp\/v2\/types\/page"}],"author":[{"embeddable":true,"href":"https:\/\/wp.pinot-noix.com\/index.php?rest_route=\/wp\/v2\/users\/1"}],"replies":[{"embeddable":true,"href":"https:\/\/wp.pinot-noix.com\/index.php?rest_route=%2Fwp%2Fv2%2Fcomments&post=401"}],"version-history":[{"count":8,"href":"https:\/\/wp.pinot-noix.com\/index.php?rest_route=\/wp\/v2\/pages\/401\/revisions"}],"predecessor-version":[{"id":581,"href":"https:\/\/wp.pinot-noix.com\/index.php?rest_route=\/wp\/v2\/pages\/401\/revisions\/581"}],"wp:attachment":[{"href":"https:\/\/wp.pinot-noix.com\/index.php?rest_route=%2Fwp%2Fv2%2Fmedia&parent=401"}],"curies":[{"name":"wp","href":"https:\/\/api.w.org\/{rel}","templated":true}]}}