{"id":256,"date":"2020-05-28T11:23:59","date_gmt":"2020-05-28T11:23:59","guid":{"rendered":"http:\/\/wp.pinot-noix.com\/?page_id=256"},"modified":"2021-02-14T08:27:51","modified_gmt":"2021-02-14T08:27:51","slug":"lage","status":"publish","type":"page","link":"https:\/\/wp.pinot-noix.com\/?page_id=256","title":{"rendered":"LAGE"},"content":{"rendered":"<p>[et_pb_section fb_built=&#8220;1&#8243; _builder_version=&#8220;4.4.7&#8243; background_image=&#8220;https:\/\/wp.pinot-noix.com\/wp-content\/uploads\/2020\/07\/LANDSCHAFT.WEINBERG.jpg&#8220; min_height=&#8220;646px&#8220; custom_padding=&#8220;||454px|||&#8220;][\/et_pb_section][et_pb_section fb_built=&#8220;1&#8243; _builder_version=&#8220;4.4.7&#8243; background_color=&#8220;#000000&#8243;][et_pb_row _builder_version=&#8220;4.4.7&#8243; custom_margin=&#8220;-27px|auto||auto||&#8220;][et_pb_column type=&#8220;4_4&#8243; _builder_version=&#8220;4.4.7&#8243;][et_pb_text _builder_version=&#8220;4.4.7&#8243;]<\/p>\n<h1><strong><span style=\"color: #ffffff;\"><br \/> LAGE<\/span><\/strong><\/h1>\n<p><strong><span style=\"color: #ffffff;\"><\/span><\/strong><\/p>\n<p><span style=\"caret-color: #ffffff; color: #ffffff; font-family: Verdana; font-size: 13.3333px; font-style: normal; font-variant-caps: normal; font-weight: normal; letter-spacing: normal; text-align: start; text-indent: 0px; text-transform: none; white-space: normal; word-spacing: 0px; -moz-text-size-adjust: auto; -webkit-text-stroke-width: 0px; text-decoration: none; display: inline !important; float: none;\">Der Dhroner Hofberg ist eine historische Grand Cru Lage in einem Seitental am westlichen Ende der Mittel-Mosel. Die Steil- und Steilstlagen sind gut gel\u00fcftet von k\u00fchlem Wind aus dem Hunsr\u00fcck und haben erstklassige B\u00f6den mit Schiefer und Eisenoxid, die w\u00fcrzige Mineralit\u00e4t bringen. Twardowski bewirtschaftet seine Weinberge in Handarbeit ohne Herbizide und arbeitet mit sehr niedrigen Ertr\u00e4gen von etwa 15 l pro Ar. Die minuti\u00f6se Handarbeit hat ihren Preis &#8211; pro Hektar und Jahr fallen bis zu 2000 Arbeitsstunden an, ein Vielfaches dessen, was im konventionellen Flachlagenweinbau n\u00f6tig ist.<\/span><\/p>\n<h1><strong><span style=\"color: #ffffff;\"><\/span><\/strong><\/h1>\n<h1><strong><span style=\"color: #ffffff;\"><\/span><\/strong><\/h1>\n<h1><strong><span style=\"color: #ffffff;\"><\/span><\/strong><\/h1>\n<h1><strong><span style=\"color: #ffffff;\"><br \/> IMPRESSIONEN AUS WEINBERG UND KELLER<br \/> <\/span><\/strong><\/h1>\n<p>[\/et_pb_text][\/et_pb_column][\/et_pb_row][\/et_pb_section][et_pb_section fb_built=&#8220;1&#8243; _builder_version=&#8220;4.4.7&#8243; background_color=&#8220;#000000&#8243;][et_pb_row _builder_version=&#8220;4.4.7&#8243;][et_pb_column type=&#8220;4_4&#8243; _builder_version=&#8220;4.4.7&#8243;][et_pb_gallery gallery_ids=&#8220;374,372,371,375,376,379,382,377,378,380,381,383,384,385,388,389,744,740,739,738,737,736,735,734,733,732,731,730,743&#8243; gallery_orderby=&#8220;rand&#8220; posts_number=&#8220;36&#8243; show_title_and_caption=&#8220;off&#8220; show_pagination=&#8220;off&#8220; _builder_version=&#8220;4.6.1&#8243; hover_enabled=&#8220;0&#8243; sticky_enabled=&#8220;0&#8243;][\/et_pb_gallery][\/et_pb_column][\/et_pb_row][\/et_pb_section][et_pb_section fb_built=&#8220;1&#8243; _builder_version=&#8220;4.4.7&#8243; background_color=&#8220;#000000&#8243;][et_pb_row _builder_version=&#8220;4.4.7&#8243;][et_pb_column type=&#8220;4_4&#8243; _builder_version=&#8220;4.4.7&#8243;][\/et_pb_column][\/et_pb_row][\/et_pb_section]<\/p>\n","protected":false},"excerpt":{"rendered":"<p>LAGE Der Dhroner Hofberg ist eine historische Grand Cru Lage in einem Seitental am westlichen Ende der Mittel-Mosel. Die Steil- und Steilstlagen sind gut gel\u00fcftet von k\u00fchlem Wind aus dem Hunsr\u00fcck und haben erstklassige B\u00f6den mit Schiefer und Eisenoxid, die w\u00fcrzige Mineralit\u00e4t bringen. Twardowski bewirtschaftet seine Weinberge in Handarbeit ohne Herbizide und arbeitet mit sehr [&hellip;]<\/p>\n","protected":false},"author":1,"featured_media":0,"parent":0,"menu_order":0,"comment_status":"closed","ping_status":"closed","template":"","meta":{"_et_pb_use_builder":"on","_et_pb_old_content":"","_et_gb_content_width":"","footnotes":""},"class_list":["post-256","page","type-page","status-publish","hentry"],"_links":{"self":[{"href":"https:\/\/wp.pinot-noix.com\/index.php?rest_route=\/wp\/v2\/pages\/256","targetHints":{"allow":["GET"]}}],"collection":[{"href":"https:\/\/wp.pinot-noix.com\/index.php?rest_route=\/wp\/v2\/pages"}],"about":[{"href":"https:\/\/wp.pinot-noix.com\/index.php?rest_route=\/wp\/v2\/types\/page"}],"author":[{"embeddable":true,"href":"https:\/\/wp.pinot-noix.com\/index.php?rest_route=\/wp\/v2\/users\/1"}],"replies":[{"embeddable":true,"href":"https:\/\/wp.pinot-noix.com\/index.php?rest_route=%2Fwp%2Fv2%2Fcomments&post=256"}],"version-history":[{"count":21,"href":"https:\/\/wp.pinot-noix.com\/index.php?rest_route=\/wp\/v2\/pages\/256\/revisions"}],"predecessor-version":[{"id":751,"href":"https:\/\/wp.pinot-noix.com\/index.php?rest_route=\/wp\/v2\/pages\/256\/revisions\/751"}],"wp:attachment":[{"href":"https:\/\/wp.pinot-noix.com\/index.php?rest_route=%2Fwp%2Fv2%2Fmedia&parent=256"}],"curies":[{"name":"wp","href":"https:\/\/api.w.org\/{rel}","templated":true}]}}