{"id":253,"date":"2020-05-28T11:22:56","date_gmt":"2020-05-28T11:22:56","guid":{"rendered":"http:\/\/wp.pinot-noix.com\/?page_id=253"},"modified":"2026-01-09T17:19:08","modified_gmt":"2026-01-09T17:19:08","slug":"presse","status":"publish","type":"page","link":"https:\/\/wp.pinot-noix.com\/?page_id=253","title":{"rendered":"PRESSE"},"content":{"rendered":"<p>[et_pb_section fb_built=&#8220;1&#8243; _builder_version=&#8220;4.16&#8243; background_color=&#8220;#000000&#8243; background_image=&#8220;https:\/\/wp.pinot-noix.com\/wp-content\/uploads\/2021\/02\/DSC5267.jpg&#8220; min_height=&#8220;358px&#8220; custom_margin=&#8220;||5px|||&#8220; custom_padding=&#8220;46px||561px|||&#8220; global_colors_info=&#8220;{}&#8220;][\/et_pb_section][et_pb_section fb_built=&#8220;1&#8243; _builder_version=&#8220;4.16&#8243; background_color=&#8220;#000000&#8243; global_colors_info=&#8220;{}&#8220;][et_pb_row _builder_version=&#8220;4.16&#8243; background_color=&#8220;#000000&#8243; width=&#8220;40.8%&#8220; max_width=&#8220;1368px&#8220; min_height=&#8220;87px&#8220; height=&#8220;100px&#8220; custom_margin=&#8220;|auto||349px||&#8220; global_colors_info=&#8220;{}&#8220;][et_pb_column type=&#8220;4_4&#8243; _builder_version=&#8220;4.16&#8243; global_colors_info=&#8220;{}&#8220;][et_pb_text _builder_version=&#8220;4.16&#8243; background_color=&#8220;#000000&#8243; global_colors_info=&#8220;{}&#8220;]<\/p>\n<h1><strong><span style=\"color: #ffffff;\">PRESSE<\/span><\/strong><\/h1>\n<p>[\/et_pb_text][\/et_pb_column][\/et_pb_row][\/et_pb_section][et_pb_section fb_built=&#8220;1&#8243; _builder_version=&#8220;4.16&#8243; background_color=&#8220;#000000&#8243; global_colors_info=&#8220;{}&#8220;][et_pb_row _builder_version=&#8220;4.16&#8243; background_color=&#8220;#000000&#8243; global_colors_info=&#8220;{}&#8220;][et_pb_column type=&#8220;4_4&#8243; _builder_version=&#8220;4.16&#8243; global_colors_info=&#8220;{}&#8220;][et_pb_testimonial author=&#8220;SZ Magazin, 18.12.2025, Verena Haart Gaspar, \u201eKann deutscher Sekt mit Champagner mithalten?%22&#8243; portrait_url=&#8220;https:\/\/wp.pinot-noix.com\/wp-content\/uploads\/2026\/01\/eszet-mag.jpg&#8220; _builder_version=&#8220;4.27.5&#8243; background_color=&#8220;#000000&#8243; min_height=&#8220;273px&#8220; hover_enabled=&#8220;0&#8243; global_colors_info=&#8220;{}&#8220; sticky_enabled=&#8220;0&#8243;]<\/p>\n<h2><strong><span style=\"color: #ffffff;\"><em>SZ-Magazin, 18.12.2025 &#8222;Kann deutscher Sekt mit Champagner mithalten?&#8220;<\/em><\/span><\/strong><\/h2>\n<p>&nbsp;<\/p>\n<h3><span style=\"color: #ff0000;\"><em><a href=\"https:\/\/wp.pinot-noix.com\/wp-content\/uploads\/2026\/01\/251218-SZ-Sekt-oder-Champagner_-Welcher-Schaumwein-ist-der-beste-fuer-unter-50-Euro_-SZ-Magazin.pdf\" target=\"_blank\" rel=\"noopener noreferrer\" style=\"color: #ff0000;\"><span style=\"color: #999999;\">NV Pinot Noix Ultra Brut Blanc de Noirs (Degorgiert 2025)<br \/>7\/10 Punkte (Deutsche Bestplatzierung)<br \/>SZ Magazin, 18.12.2025, Verena Haart Gaspar<\/span><\/a><span style=\"text-decoration: underline;\"><span style=\"color: #ffffff; text-decoration: underline;\"><br \/><\/span><\/span><\/em><\/span><\/h3>\n<p>[\/et_pb_testimonial][et_pb_testimonial author=&#8220;Welt am Sonntag, 31.3.24, Spezial \u201eGenussland Rheinland-Falz\u201c, Artikel \u201eWeinbau von Morgen\u201c, Autor: Wolfgang Fassbender&#8220; portrait_url=&#8220;https:\/\/wp.pinot-noix.com\/wp-content\/uploads\/2024\/04\/Bildschirmfoto-2024-04-22-um-08.21.33.png&#8220; _builder_version=&#8220;4.21.0&#8243; background_color=&#8220;#000000&#8243; min_height=&#8220;273px&#8220; global_colors_info=&#8220;{}&#8220;]<\/p>\n<h2><strong><span style=\"color: #ffffff;\"><em>Welt am Sonntag, 31.3.2024<\/em><\/span><\/strong><\/h2>\n<p>&nbsp;<\/p>\n<h3><span style=\"color: #ff0000;\"><em><a href=\"https:\/\/wp.pinot-noix.com\/wp-content\/uploads\/2024\/04\/240331-Welt-am-Sonntag-Fassbender.pdf\" target=\"_blank\" rel=\"noopener noreferrer\" style=\"color: #ff0000;\"><span style=\"color: #999999;\">\u201e[&#8230;]Dass einer aber so massiv aufs Burgund an der Mosel setzt wie Daniel Twardowski aus Neumagen-Dhron, ist noch immer die Ausnahme. Der Quereinsteiger investiert Jahr f\u00fcr Jahr in hochwertigste kleine Holzf\u00e4sser und langen Ausbau, machte mit seinen roten, alles andere als billigen \u00dcberfliegern international von sich reden.[\u2026]\u201c<\/span><\/a><\/em><\/span><\/h3>\n<p>[\/et_pb_testimonial][et_pb_testimonial author=&#8220;Mosel Fine Wines No 69 (March 2024), Jean Fisch und David Rayer&#8220; portrait_url=&#8220;https:\/\/wp.pinot-noix.com\/wp-content\/uploads\/2024\/01\/Bildschirmfoto-2024-01-09-um-10.30.23.png&#8220; _builder_version=&#8220;4.21.0&#8243; background_color=&#8220;#000000&#8243; min_height=&#8220;273px&#8220; global_colors_info=&#8220;{}&#8220;]<\/p>\n<h2><strong><span style=\"color: #ffffff;\"><em>Mosel Fine Wines Ausgabe Nr. 69<br \/>\n<\/em><\/span><\/strong><\/h2>\n<h3><span style=\"color: #ff0000;\"><em><span style=\"color: #999999;\">&#8222;However, one development could well have a profound effect on the red wine in the Mosel: Pinot Noix. This Estate is the brainchild of Daniel Twardowski, a Burgundy collector and fine wine merchant from Trier. In 2006, he bought a parcel in the Dhroner Hofberg and, in Daniel\u2019s words, got lucky: The parcel always received a touch of wind which dried the grapes. But his journey was not going to be an easy one, welcome to the fiddly world of Pinot Noir! He re-grafted the vines with fine seedlings he bought in Burgundy but, as he noted: \u201cIt was quickly clear that this was not a good choice. So, I asked some grower friends in Burgundy for help, and they sent me material from much lesser-known nurseries. Finally, in 2011,<br \/>\nI produced my first vintage. Together with my partner at the time (also a winemaker of red wines), we followed a quite assertive style based on long extractions, possibly acidification of the musts, and long ageing in barrique but I was not very happy with the results and wanted more elegance and refinement in my wines. The first vintage I then made along these lines was 2015. I like my wines to be as raw as possible: Good Pinot Noir has to be a bit \u201cdirty\u201d and therefore I don\u2019t mind a touch of volatile acidity if need. In fact, I source many of my barrels second-hand from leading Burgundy growers and, even if I turn around my barrels usually over 2 years, I do keep a few pieces if they bring some particular \u201cacidity signature\u201d in the previous year.\u201dWhat Daniel Twardowski\u2019s story shows is the story of Pinot Noir: Making great Pinot Noir is as much an art as it is a science and finding the right balances and knowing where to throw orthodoxy overboard may be a lifelong quest. However, the results are stunning and Daniel\u2019s latest vintages shine!&#8220;<\/span><a href=\"https:\/\/winicjatywa.pl\/daniel-twardowski-pinot-noix-ardoise-2018\/#\" target=\"_blank\" rel=\"noopener noreferrer\" style=\"color: #ff0000;\"><span style=\"color: #999999;\"><br \/>\n<\/span><\/a><\/em><\/span><\/h3>\n<p>[\/et_pb_testimonial][et_pb_testimonial author=&#8220;Mosel Fine Wines No 68 (Dec 2023), Jean Fisch und David Rayer&#8220; portrait_url=&#8220;https:\/\/wp.pinot-noix.com\/wp-content\/uploads\/2024\/01\/Bildschirmfoto-2024-01-09-um-10.30.23.png&#8220; _builder_version=&#8220;4.21.0&#8243; background_color=&#8220;#000000&#8243; min_height=&#8220;273px&#8220; global_colors_info=&#8220;{}&#8220;]<\/p>\n<h2><strong><span style=\"color: #ffffff;\"><em>Mosel Fine Wines Ausgabe Nr. 68<br \/><\/em><\/span><\/strong><\/h2>\n<h3><span style=\"color: #ff0000;\"><em><span style=\"color: #999999;\">&#8222;Daniel Twardowski finds much to love with 2020 vintage, a vintage which proved a dream from start to finish: &#8222;We learned from our losses in the 2019 vintage that we had to defoliate the vines at an earlier stage, and we did it right next to the flowering. It helped us to have more stable grapeskins, so that the grapes were able to ripen better without having problems. In fact, we had no rot in our vineyards and started our harvest in ideal conditions on September 7-8, with no less than 20 to 25 people, and finished in less than 10 days. As always, our yields were quite low, around 20-25 hl\/ha. Daniel produced three red wines in the 2020 vintage, with his top-of-the-range cuv\u00e9e, the Hofberg R\u00e9serve, his classic Ardoise, as well as a third wine, considered an &#8222;entry-level&#8220; wine from the youngest vines, and called &#8222;3rd&#8220;. The wines will be released in Spring 2024.<br \/>With the 2020 vintage, Daniel Twardowski confirms the very high standards of his tiny Pinot Noir production, with three outstanding wines. His 2020er &#8222;3rd&#8220;, despite the young vines, already shows a level of elegance that only a few reds in the region can reach. His 2020er Ardoise is a Pinot of freshness and complexity, and the 2020er Hofberg R\u00e9serve is a great Pinot for laying down. The quality of these 2020er Pinot Noir wines cannot<br \/><\/span><span style=\"color: #999999;\">be underlined enough: This is an amazing result!&#8220;<\/span><a href=\"https:\/\/winicjatywa.pl\/daniel-twardowski-pinot-noix-ardoise-2018\/#\" target=\"_blank\" rel=\"noopener noreferrer\" style=\"color: #ff0000;\"><span style=\"color: #999999;\"><br \/><\/span><\/a><\/em><\/span><\/h3>\n<p>[\/et_pb_testimonial][et_pb_testimonial author=&#8220;WINICJATYWA.PL NOVEMBER 2023&#8243; portrait_url=&#8220;https:\/\/wp.pinot-noix.com\/wp-content\/uploads\/2023\/12\/Bildschirmfoto-2023-12-03-um-11.38.33.png&#8220; _builder_version=&#8220;4.21.0&#8243; background_color=&#8220;#000000&#8243; min_height=&#8220;273px&#8220; global_colors_info=&#8220;{}&#8220;]<\/p>\n<h2><strong><span style=\"color: #ffffff;\"><em>Bericht im Blog &#8222;winicjatywa.pl&#8220; aus Polen<\/em><\/span><\/strong><\/h2>\n<h3><span style=\"color: #ff0000;\"><em><a href=\"https:\/\/winicjatywa.pl\/daniel-twardowski-pinot-noix-ardoise-2018\/#\" target=\"_blank\" rel=\"noopener noreferrer\" style=\"color: #ff0000;\"><span style=\"color: #999999;\">Hier geht es zum ganzen Artikel\u00a0<\/span><\/a><\/em><\/span><\/h3>\n<p>[\/et_pb_testimonial][et_pb_testimonial author=&#8220;PERSWIJN MAGAZIN JANUAR 2022&#8243; portrait_url=&#8220;https:\/\/wp.pinot-noix.com\/wp-content\/uploads\/2022\/02\/perswijn.png&#8220; _builder_version=&#8220;4.16&#8243; background_color=&#8220;#000000&#8243; min_height=&#8220;273px&#8220; global_colors_info=&#8220;{}&#8220;]<\/p>\n<h2><strong><span style=\"color: #ffffff;\"><em>Bericht im Magazin &#8222;PERSWIJN&#8220; aus den Niederlanden<\/em><\/span><\/strong><\/h2>\n<h3><span style=\"color: #ff0000;\"><em><a href=\"https:\/\/wp.pinot-noix.com\/wp-content\/uploads\/2022\/02\/Perswijn-1-2022-Daniel-Twardowski.pdf\" target=\"_blank\" rel=\"noopener noreferrer\" style=\"color: #ff0000;\"><span style=\"color: #999999;\">Hier geht es zum ganzen Artikel\u00a0<\/span><\/a><\/em><\/span><\/h3>\n<p>[\/et_pb_testimonial][et_pb_testimonial author=&#8220;JAMES SUCKLING.COM &#8220; portrait_url=&#8220;https:\/\/wp.pinot-noix.com\/wp-content\/uploads\/2021\/09\/jSlogo.jpg&#8220; _builder_version=&#8220;4.16&#8243; background_color=&#8220;#000000&#8243; min_height=&#8220;273px&#8220; global_colors_info=&#8220;{}&#8220;]<\/p>\n<h2><span style=\"color: #ffffff;\"><em><strong>Pinot Noix Hofberg Reserve Vintage 2019 Spaetburgunder scores 97 Points<\/strong><br \/> <span style=\"color: #999999;\">Smokey and earthy nose with lemon zest and paprika notes. Incredible interplay of dark minerality, concentrated fine tannins and delicate red-fruit character. Great brilliance at the very long finish. Almost supernatural vitality and fantastic aging potential. Drinkable now, but best from 2025.<\/span><\/em><\/span><\/h2>\n<p>&nbsp;<\/p>\n<h2><span style=\"color: #ffffff;\"><em><\/em><\/span><span style=\"color: #ff0000;\"><em><br \/> <\/em><\/span><\/h2>\n<p>[\/et_pb_testimonial][et_pb_testimonial author=&#8220;JAMES SUCKLING.COM &#8220; portrait_url=&#8220;https:\/\/wp.pinot-noix.com\/wp-content\/uploads\/2021\/09\/jSlogo.jpg&#8220; _builder_version=&#8220;4.16&#8243; background_color=&#8220;#000000&#8243; min_height=&#8220;273px&#8220; global_colors_info=&#8220;{}&#8220;]<\/p>\n<h2><span style=\"color: #ffffff;\"><em><strong>Pinot Noix Ardoise Vintage 2019 Spaetburgunder scores 96 Points<\/strong><br \/><span style=\"color: #999999;\">Deep and rooty nose, but also wonderful, fresh black-cherry fruit that expands as it opens up in the glass. The abundant, fine tannins create an impressive structure that builds very well at the finish, providing a lot of power. What an extraordinary combination of white pepper, dried flowers and chocolate at the long, pure finish. Drinkable now, but best from 2023.<\/span><\/p>\n<p> <\/em><\/span><span style=\"color: #ff0000;\"><em><br \/> <\/em><\/span><\/h2>\n<p>[\/et_pb_testimonial][et_pb_testimonial author=&#8220;JAMES SUCKLING.COM &#8220; portrait_url=&#8220;https:\/\/wp.pinot-noix.com\/wp-content\/uploads\/2021\/09\/jSlogo.jpg&#8220; _builder_version=&#8220;4.16&#8243; background_color=&#8220;#000000&#8243; min_height=&#8220;273px&#8220; global_colors_info=&#8220;{}&#8220;]<\/p>\n<h2><strong style=\"font-style: italic; color: #ffffff;\">Pinot Noix Ardoise Vintage 3rd 2019 Spaetburgunder scores 93 Points<\/strong><br \/><span color=\"#999999\" style=\"color: #999999;\"><i>Fragrant red-cherry nose with delicate wild-strawberry and herbal notes. Very fine fruit and no less fine\u00a0tannins that are beautifully matched. Long and filigree finish that has serious depth. Bottled unfiltered. Drink or hold.<\/i><\/span><\/h2>\n<p>&nbsp;<\/p>\n<p><em> <\/em><span style=\"color: #ff0000;\"><em><br \/> <\/em><\/span><\/p>\n<p>[\/et_pb_testimonial][et_pb_testimonial author=&#8220;REVUE DU VIN DE FRANCE2021&#8243; portrait_url=&#8220;https:\/\/wp.pinot-noix.com\/wp-content\/uploads\/2021\/07\/Revue-du-Vin-de-France-Juli-2021.png&#8220; _builder_version=&#8220;4.16&#8243; background_color=&#8220;#000000&#8243; min_height=&#8220;273px&#8220; global_colors_info=&#8220;{}&#8220;]<\/p>\n<h2><span style=\"color: #ffffff;\"><em>Auszug aus: la Nouvelle Allemagne &gt; das neue Deutschland\u2019<\/em><\/span><\/h2>\n<h3><span style=\"color: #ff0000;\"><em><a href=\"https:\/\/wp.pinot-noix.com\/wp-content\/uploads\/2021\/07\/210701-RVF-Pinot-Noix.pdf\" target=\"_blank\" rel=\"noopener noreferrer\" style=\"color: #ff0000;\"><span style=\"color: #999999;\">Hier geht es zum ganzen Artikel (Revue du Vin de France Juli 2021)<\/span><\/a><\/em><\/span><\/h3>\n<p>[\/et_pb_testimonial][et_pb_testimonial author=&#8220;VINUM Ausgabe Januar\/Februar 2021&#8243; portrait_url=&#8220;https:\/\/wp.pinot-noix.com\/wp-content\/uploads\/2021\/01\/vinum-1.png&#8220; _builder_version=&#8220;4.16&#8243; background_color=&#8220;#000000&#8243; global_colors_info=&#8220;{}&#8220;]<\/p>\n<h2><span style=\"color: #ffffff;\"><em>\u2018[&#8230;] Wir k\u00f6nnen hier an der Mosel Rotwein machen. Und man kann Rotweine mit weniger als 13 Prozent Alkohol machen und das sind trotzdem keine d\u00fcnnen Pf\u00fctzchen.\u00bb[&#8230;]\u2019<\/em><\/span><\/h2>\n<h3><span style=\"color: #ff0000;\"><em><a href=\"https:\/\/wp.pinot-noix.com\/wp-content\/uploads\/2021\/01\/Pinot-Noix.pdf\" target=\"_blank\" rel=\"noopener noreferrer\" style=\"color: #ff0000;\"><span style=\"color: #999999;\">Hier geht es zum ganzen Artikel (Vinum Januar\/Februar 2021)<\/span><\/a><\/em><\/span><\/h3>\n<p>[\/et_pb_testimonial][\/et_pb_column][\/et_pb_row][et_pb_row _builder_version=&#8220;4.16&#8243; background_color=&#8220;#000000&#8243; global_colors_info=&#8220;{}&#8220;][et_pb_column type=&#8220;4_4&#8243; _builder_version=&#8220;4.16&#8243; global_colors_info=&#8220;{}&#8220;][et_pb_testimonial author=&#8220;Manfred Klimek, \u2018Rotweinparadies Deutschland\u2019, Kolumne \u2018Sch\u00f6ner trinken\u2019, Welt am Sonntag 20.12.20&#8243; portrait_url=&#8220;https:\/\/wp.pinot-noix.com\/wp-content\/uploads\/2020\/12\/Bildschirmfoto-2020-12-21-um-09.40.24.png&#8220; _builder_version=&#8220;4.16&#8243; background_color=&#8220;#000000&#8243; global_colors_info=&#8220;{}&#8220;]<\/p>\n<h2><span style=\"color: #ffffff;\"><em>\u2018[&#8230;] Deutschland wird also das Land gro\u00dfer Rotweine? Davon ist auszugehen, auch weil manche H\u00e4nge an den Weinbau-Fl\u00fcssen f\u00fcr Riesling mittlerweile zu hei\u00df werden. Dass man auch an der Mosel gigantisch gute Pinot Noirs keltern kann, beweisen etwa Markus Molitor, Stefan Steinmetz, Nik Weis, Christoph Schneider oder (und vor allem) Daniel Twardowski. [&#8230;]\u2019<\/em><\/span><\/h2>\n<p>[\/et_pb_testimonial][\/et_pb_column][\/et_pb_row][\/et_pb_section][et_pb_section fb_built=&#8220;1&#8243; _builder_version=&#8220;4.16&#8243; background_color=&#8220;#000000&#8243; global_colors_info=&#8220;{}&#8220;][et_pb_row _builder_version=&#8220;4.16&#8243; background_color=&#8220;#000000&#8243; global_colors_info=&#8220;{}&#8220;][et_pb_column type=&#8220;4_4&#8243; _builder_version=&#8220;4.16&#8243; global_colors_info=&#8220;{}&#8220;][et_pb_testimonial author=&#8220;Mosel Fine Wines, Issue No. 53, 2020&#8243; portrait_url=&#8220;https:\/\/wp.pinot-noix.com\/wp-content\/uploads\/2020\/09\/Bildschirmfoto-2020-09-01-um-10.29.20-1.png&#8220; _builder_version=&#8220;4.16&#8243; background_color=&#8220;#000000&#8243; global_colors_info=&#8220;{}&#8220;]<\/p>\n<h2><span style=\"color: #ffffff;\"><em>\u201eThis gorgeous Pinot Noir is easily the finest we have ever tasted from the Mosel!\u201c<\/em><\/span><\/h2>\n<p>[\/et_pb_testimonial][\/et_pb_column][\/et_pb_row][\/et_pb_section][et_pb_section fb_built=&#8220;1&#8243; _builder_version=&#8220;4.16&#8243; background_color=&#8220;#000000&#8243; global_colors_info=&#8220;{}&#8220;][et_pb_row _builder_version=&#8220;4.16&#8243; background_color=&#8220;#000000&#8243; global_colors_info=&#8220;{}&#8220;][et_pb_column type=&#8220;4_4&#8243; _builder_version=&#8220;4.16&#8243; global_colors_info=&#8220;{}&#8220;][et_pb_testimonial author=&#8220;The World Atlas of Wine 8th edition, Jancis Robinson and Hugh Johnson, 2019.&#8220; portrait_url=&#8220;https:\/\/wp.pinot-noix.com\/wp-content\/uploads\/2020\/08\/Cover_of_World_Atlas_of_Wine_8th_Edition.jpg&#8220; _builder_version=&#8220;4.16&#8243; background_color=&#8220;#000000&#8243; global_colors_info=&#8220;{}&#8220;]<\/p>\n<h2><span style=\"color: #ffffff;\"><em>\u201eThe Hofberg site above the meandering stream of the Dhron, just before it joins the Mosel, may seem an unlikely place for Pinot Noir, but the blue slate of ist slopes, rich in iron oxide, has produced some remarkable results in the hands of newcomer Daniel Twardowski.\u201c<\/em><\/span><\/h2>\n<p>[\/et_pb_testimonial][\/et_pb_column][\/et_pb_row][\/et_pb_section][et_pb_section fb_built=&#8220;1&#8243; _builder_version=&#8220;4.16&#8243; background_color=&#8220;#000000&#8243; global_colors_info=&#8220;{}&#8220;][et_pb_row _builder_version=&#8220;4.16&#8243; background_color=&#8220;#000000&#8243; global_colors_info=&#8220;{}&#8220;][et_pb_column type=&#8220;4_4&#8243; _builder_version=&#8220;4.16&#8243; global_colors_info=&#8220;{}&#8220;][et_pb_testimonial author=&#8220;Jancis Robinson, More Sp\u00e4tburgunders, 22.9.2017&#8243; portrait_url=&#8220;https:\/\/wp.pinot-noix.com\/wp-content\/uploads\/2020\/08\/jancis_close_up-4.jpg&#8220; _builder_version=&#8220;4.16&#8243; background_color=&#8220;#000000&#8243; global_colors_info=&#8220;{}&#8220;]<\/p>\n<h2><span style=\"color: #ffffff;\"><em>\u201eMein Lieblingswein in der Verkostung\u201c<\/em><\/span><\/h2>\n<p>[\/et_pb_testimonial][\/et_pb_column][\/et_pb_row][\/et_pb_section][et_pb_section fb_built=&#8220;1&#8243; _builder_version=&#8220;4.16&#8243; background_color=&#8220;#000000&#8243; global_colors_info=&#8220;{}&#8220;][et_pb_row _builder_version=&#8220;4.16&#8243; background_color=&#8220;#000000&#8243; global_colors_info=&#8220;{}&#8220;][et_pb_column type=&#8220;4_4&#8243; _builder_version=&#8220;4.16&#8243; global_colors_info=&#8220;{}&#8220;][et_pb_testimonial author=&#8220;Giuseppe Carrus, Gambero Rosso, 2019&#8243; portrait_url=&#8220;https:\/\/wp.pinot-noix.com\/wp-content\/uploads\/2020\/08\/maxresdefault.jpg&#8220; _builder_version=&#8220;4.16&#8243; background_color=&#8220;#000000&#8243; global_colors_info=&#8220;{}&#8220;]<\/p>\n<h2><span style=\"color: #ffffff;\"><em>\u201eBester Rotwein Deutschlands.\u201c<\/em><\/span><\/h2>\n<p>[\/et_pb_testimonial][\/et_pb_column][\/et_pb_row][\/et_pb_section][et_pb_section fb_built=&#8220;1&#8243; _builder_version=&#8220;4.16&#8243; background_color=&#8220;#000000&#8243; global_colors_info=&#8220;{}&#8220;][et_pb_row _builder_version=&#8220;4.16&#8243; background_color=&#8220;#000000&#8243; global_colors_info=&#8220;{}&#8220;][et_pb_column type=&#8220;4_4&#8243; _builder_version=&#8220;4.16&#8243; global_colors_info=&#8220;{}&#8220;][et_pb_testimonial author=&#8220;David Schildknecht auf vinous.com, 8.4.2019&#8243; portrait_url=&#8220;https:\/\/wp.pinot-noix.com\/wp-content\/uploads\/2020\/08\/schild.jpg&#8220; _builder_version=&#8220;4.16&#8243; background_color=&#8220;#000000&#8243; global_colors_info=&#8220;{}&#8220;]<\/p>\n<h2><span style=\"color: #ffffff;\"><em>\u201eAnd in Daniel Twardowski we now have a head-turning Mosel grower who is devoted exclusively to Pinot Noir&#8230;\u201c<\/em><\/span><\/h2>\n<p>[\/et_pb_testimonial][\/et_pb_column][\/et_pb_row][\/et_pb_section][et_pb_section fb_built=&#8220;1&#8243; _builder_version=&#8220;4.16&#8243; background_color=&#8220;#000000&#8243; global_colors_info=&#8220;{}&#8220;][et_pb_row _builder_version=&#8220;4.16&#8243; background_color=&#8220;#000000&#8243; global_colors_info=&#8220;{}&#8220;][et_pb_column type=&#8220;4_4&#8243; _builder_version=&#8220;4.16&#8243; global_colors_info=&#8220;{}&#8220;][et_pb_testimonial author=&#8220;Cool Climate &#038; Consorten Probe, Hamburg, 26.1.2018&#8243; portrait_url=&#8220;https:\/\/wp.pinot-noix.com\/wp-content\/uploads\/2020\/08\/oV.jpg&#8220; _builder_version=&#8220;4.16&#8243; background_color=&#8220;#000000&#8243; global_colors_info=&#8220;{}&#8220;]<\/p>\n<h2><span style=\"color: #ffffff;\"><em>\u201eDas ist zeitlos. Das ist der beste Wein\u201c<\/em><\/span><\/h2>\n<p>[\/et_pb_testimonial][\/et_pb_column][\/et_pb_row][\/et_pb_section][et_pb_section fb_built=&#8220;1&#8243; _builder_version=&#8220;4.16&#8243; background_color=&#8220;#000000&#8243; global_colors_info=&#8220;{}&#8220;][et_pb_row _builder_version=&#8220;4.16&#8243; background_color=&#8220;#000000&#8243; global_colors_info=&#8220;{}&#8220;][et_pb_column type=&#8220;4_4&#8243; _builder_version=&#8220;4.16&#8243; global_colors_info=&#8220;{}&#8220;][et_pb_testimonial author=&#8220;Michael Schmidt \/ Jancis Robinson, 2018&#8243; portrait_url=&#8220;https:\/\/wp.pinot-noix.com\/wp-content\/uploads\/2020\/08\/rw.jpg&#8220; _builder_version=&#8220;4.16&#8243; background_color=&#8220;#000000&#8243; global_colors_info=&#8220;{}&#8220;]<\/p>\n<h2><span style=\"color: #ffffff;\"><em>\u201eCinderella goes to the ball, or, in Twardowski&#8217;s case, the 2011 Pinot Noix Ardoise goes to a blind tasting, where its beauty receives far more acclaim than the other competitors, some of them of the highest pedigree. I won&#8217;t name and shame, but needless to say they make the Pinot Noix&#8217;s price of \u20ac70 look modest. De gustibus non est disputandum, however, and any tasting contest is only as good as its judges, whose identity in this case remains unknown to me. What I could deduce about them was that they seemed to be quite partial to a bit of oak. Sixty per cent new wood turned out to be a modicum too much for my liking, but I need not have worried. Daniel saw it exactly the same way, and from the second vintage on introduced a far greater proportion of second- and third-fill casks for the 14 to 18 months he likes to age his Pinot Noir in (lightly toasted) wood. It goes without saying that his wines are spared the indignity of pumping or filtration before they are bottled. For the gentlest extraction of juice from the fruit, Daniel Twardowski prefers a traditional basket press to the modern horizontal pneumatic press.\u201c<\/em><\/span><\/h2>\n<p>[\/et_pb_testimonial][\/et_pb_column][\/et_pb_row][\/et_pb_section]<\/p>\n","protected":false},"excerpt":{"rendered":"<p>PRESSESZ-Magazin, 18.12.2025 &#8222;Kann deutscher Sekt mit Champagner mithalten?&#8220; &nbsp; NV Pinot Noix Ultra Brut Blanc de Noirs (Degorgiert 2025)7\/10 Punkte (Deutsche Bestplatzierung)SZ Magazin, 18.12.2025, Verena Haart GasparWelt am Sonntag, 31.3.2024 &nbsp; \u201e[&#8230;]Dass einer aber so massiv aufs Burgund an der Mosel setzt wie Daniel Twardowski aus Neumagen-Dhron, ist noch immer die Ausnahme. Der Quereinsteiger investiert [&hellip;]<\/p>\n","protected":false},"author":1,"featured_media":0,"parent":0,"menu_order":0,"comment_status":"closed","ping_status":"closed","template":"","meta":{"_et_pb_use_builder":"on","_et_pb_old_content":"","_et_gb_content_width":"","footnotes":""},"class_list":["post-253","page","type-page","status-publish","hentry"],"_links":{"self":[{"href":"https:\/\/wp.pinot-noix.com\/index.php?rest_route=\/wp\/v2\/pages\/253","targetHints":{"allow":["GET"]}}],"collection":[{"href":"https:\/\/wp.pinot-noix.com\/index.php?rest_route=\/wp\/v2\/pages"}],"about":[{"href":"https:\/\/wp.pinot-noix.com\/index.php?rest_route=\/wp\/v2\/types\/page"}],"author":[{"embeddable":true,"href":"https:\/\/wp.pinot-noix.com\/index.php?rest_route=\/wp\/v2\/users\/1"}],"replies":[{"embeddable":true,"href":"https:\/\/wp.pinot-noix.com\/index.php?rest_route=%2Fwp%2Fv2%2Fcomments&post=253"}],"version-history":[{"count":49,"href":"https:\/\/wp.pinot-noix.com\/index.php?rest_route=\/wp\/v2\/pages\/253\/revisions"}],"predecessor-version":[{"id":1296,"href":"https:\/\/wp.pinot-noix.com\/index.php?rest_route=\/wp\/v2\/pages\/253\/revisions\/1296"}],"wp:attachment":[{"href":"https:\/\/wp.pinot-noix.com\/index.php?rest_route=%2Fwp%2Fv2%2Fmedia&parent=253"}],"curies":[{"name":"wp","href":"https:\/\/api.w.org\/{rel}","templated":true}]}}