{"id":203,"date":"2020-05-28T07:09:38","date_gmt":"2020-05-28T07:09:38","guid":{"rendered":"http:\/\/wp.pinot-noix.com\/?page_id=203"},"modified":"2020-08-07T11:42:48","modified_gmt":"2020-08-07T11:42:48","slug":"weine","status":"publish","type":"page","link":"https:\/\/wp.pinot-noix.com\/?page_id=203","title":{"rendered":"VISION"},"content":{"rendered":"\n[et_pb_section fb_built=&#8220;1&#8243; _builder_version=&#8220;4.4.7&#8243; background_image=&#8220;https:\/\/wp.pinot-noix.com\/wp-content\/uploads\/2020\/08\/Twardowski_Flache_Nuss_Schiefer.jpg&#8220; min_height=&#8220;646px&#8220; custom_padding=&#8220;||454px|||&#8220; hover_enabled=&#8220;0&#8243; title_text=&#8220;Twardowski_Flache_Nuss_Schiefer&#8220;][\/et_pb_section][et_pb_section fb_built=&#8220;1&#8243; _builder_version=&#8220;4.4.7&#8243; background_color=&#8220;#000000&#8243;][et_pb_row _builder_version=&#8220;4.4.7&#8243; custom_margin=&#8220;-27px|auto||auto||&#8220;][et_pb_column type=&#8220;4_4&#8243; _builder_version=&#8220;4.4.7&#8243;][et_pb_text _builder_version=&#8220;4.4.7&#8243;]<h1><strong><span style=\"color: #ffffff;\"><br \/>VISION<\/span><\/strong><\/h1>\n<p>&nbsp;<\/p>\n<blockquote>\n<p><span style=\"color: #ffffff; font-size: x-large;\"><em>\u00abIch will die Filigranita\u0308t der Rieslinge vom Schiefer oder die feiner, trinkbarer Syrah von der Rho\u0302ne in den Pinot bringen. Es soll kein Me-too-Produkt zum Burgund sein, sondern die beeindruckende Wu\u0308rze des Schiefers einbringen.\u00bb<\/em><\/span><\/p>\n<\/blockquote>\n<p><strong><span style=\"color: #ffffff;\"><\/span><\/strong><\/p>\n<p><span style=\"color: #ffffff;\">Die Eckdaten \u00fcber Daniel Twardowski: Abitur, BWL-Studium, H\u00e4ndler f\u00fcr Weinrarit\u00e4ten in Trier, Ex-Praktikant in diversen Weing\u00fctern dr\u00fcben im Burgund. Und seit 2006 Winzer-Quereinsteiger mit 3 Hektar Land.<\/span><\/p>\n<p><span style=\"color: #ffffff;\">Ob DRC oder Henri Jayer, er hat sie oft getrunken, weiss, wie ein grosser Pinot Noir schmecken sollte, der von kalkigen Bo\u0308den kommt. Doch als er eigenen Wein machen wollte, ging er einen anderen Weg. \u00abIch habe viel an der Ahr probiert, war von vielen Weinen aber nicht so u\u0308berzeugt. Stodden hat allerdings einen anderen Stil und tollen Wein gemacht, da wusste ich, es muss gehen auf Schieferboden.\u00bb Twardowski wollte nicht in Baden der Fu\u0308nfte oder Zehnte sein, sondern an der Mosel einer der Ersten. Er wollte einen anderen Pinot-Noir machen. Keinen Mosel-Pinot-Noir. Daniel Twardowski wollte an der Mosel einen Burgunder keltern, der den besten franz\u00f6sischen Burgunder \u00e4hnelt, der sich mit jenen in eine Reihe stellen kann, der die k\u00fchle Eleganz hintanstellt und sich mehr Kraft und Frucht verpflichtet sieht. Daniel Twardowski wollte an der Mosel einen Pinot-Noir keltern, den auch Experten und Enthusiasten nicht zwingend als deutschen Rotwein erkennen. \u00abIch will die Filigranita\u0308t der Rieslinge vom Schiefer oder die feiner, trinkbarer Syrah von der Rho\u0302ne in den Pinot bringen. Es soll kein Me-too-Produkt zum Burgund sein, sondern die beeindruckende Wu\u0308rze des Schiefers einbringen.\u00bb 2005 bestockte er erste Weinberge mit Pinot Noir und wurde bela\u0308chelt \u2013 auch von der franzo\u0308sischen Rebanstalt. Sie hatte ihm nicht das A-Material geliefert. Fast alles ging ein. \u00ab2006 haben wir dann alles richtig gemacht und bekamen Pflanzmaterial vom Feinsten.\u00bb<\/span><\/p>\n<p><span style=\"caret-color: #ffffff; color: #ffffff; font-family: Verdana; font-size: 13.3333px; font-style: normal; font-variant-caps: normal; font-weight: normal; letter-spacing: normal; text-align: start; text-indent: 0px; text-transform: none; white-space: normal; word-spacing: 0px; -moz-text-size-adjust: auto; -webkit-text-stroke-width: 0px; text-decoration: none; display: inline !important; float: none;\">\u00a0<\/span><\/p>\n<h1><strong><span style=\"color: #ffffff;\"><\/span><\/strong><\/h1>\n<h1><strong><span style=\"color: #ffffff;\"><\/span><\/strong><\/h1>\n<h1><strong><span style=\"color: #ffffff;\"><\/span><\/strong><\/h1>[\/et_pb_text][\/et_pb_column][\/et_pb_row][\/et_pb_section][et_pb_section fb_built=&#8220;1&#8243; _builder_version=&#8220;4.4.7&#8243; background_color=&#8220;#000000&#8243;][et_pb_row _builder_version=&#8220;4.4.7&#8243;][et_pb_column type=&#8220;4_4&#8243; _builder_version=&#8220;4.4.7&#8243;][\/et_pb_column][\/et_pb_row][\/et_pb_section]\n","protected":false},"excerpt":{"rendered":"<p>VISION &nbsp; \u00abIch will die Filigranita\u0308t der Rieslinge vom Schiefer oder die feiner, trinkbarer Syrah von der Rho\u0302ne in den Pinot bringen. Es soll kein Me-too-Produkt zum Burgund sein, sondern die beeindruckende Wu\u0308rze des Schiefers einbringen.\u00bb Die Eckdaten \u00fcber Daniel Twardowski: Abitur, BWL-Studium, H\u00e4ndler f\u00fcr Weinrarit\u00e4ten in Trier, Ex-Praktikant in diversen Weing\u00fctern dr\u00fcben im Burgund. [&hellip;]<\/p>\n","protected":false},"author":1,"featured_media":0,"parent":0,"menu_order":0,"comment_status":"closed","ping_status":"closed","template":"","meta":{"_et_pb_use_builder":"on","_et_pb_old_content":"","_et_gb_content_width":"","footnotes":""},"class_list":["post-203","page","type-page","status-publish","hentry"],"_links":{"self":[{"href":"https:\/\/wp.pinot-noix.com\/index.php?rest_route=\/wp\/v2\/pages\/203","targetHints":{"allow":["GET"]}}],"collection":[{"href":"https:\/\/wp.pinot-noix.com\/index.php?rest_route=\/wp\/v2\/pages"}],"about":[{"href":"https:\/\/wp.pinot-noix.com\/index.php?rest_route=\/wp\/v2\/types\/page"}],"author":[{"embeddable":true,"href":"https:\/\/wp.pinot-noix.com\/index.php?rest_route=\/wp\/v2\/users\/1"}],"replies":[{"embeddable":true,"href":"https:\/\/wp.pinot-noix.com\/index.php?rest_route=%2Fwp%2Fv2%2Fcomments&post=203"}],"version-history":[{"count":4,"href":"https:\/\/wp.pinot-noix.com\/index.php?rest_route=\/wp\/v2\/pages\/203\/revisions"}],"predecessor-version":[{"id":552,"href":"https:\/\/wp.pinot-noix.com\/index.php?rest_route=\/wp\/v2\/pages\/203\/revisions\/552"}],"wp:attachment":[{"href":"https:\/\/wp.pinot-noix.com\/index.php?rest_route=%2Fwp%2Fv2%2Fmedia&parent=203"}],"curies":[{"name":"wp","href":"https:\/\/api.w.org\/{rel}","templated":true}]}}